{"id":25813982,"date":"2026-02-05T15:09:50","date_gmt":"2026-02-05T12:09:50","guid":{"rendered":"https:\/\/toplink.ee\/?page_id=25813982"},"modified":"2026-02-05T15:17:28","modified_gmt":"2026-02-05T12:17:28","slug":"request","status":"publish","type":"page","link":"https:\/\/toplink.ee\/en\/request","title":{"rendered":"Find out the price"},"content":{"rendered":"<p>[et_pb_section fb_built=&#8221;1&#8243; inner_shadow=&#8221;on&#8221; fullwidth=&#8221;on&#8221; custom_padding_last_edited=&#8221;on|desktop&#8221; admin_label=&#8221;section&#8221; _builder_version=&#8221;4.16&#8243; background_color=&#8221;rgba(255,255,255,0)&#8221; background_image=&#8221;\/\/i0.wp.com\/toplink.ee\/wp-content\/uploads\/2015\/07\/nexus_7-wallpaper-1920&#215;1080.jpg&#8221; custom_padding=&#8221;|||&#8221; custom_padding_tablet=&#8221;50px|0|50px|0&#8243; custom_padding_phone=&#8221;50px|0|50px|0&#8243; transparent_background=&#8221;on&#8221; padding_mobile=&#8221;off&#8221; make_fullwidth=&#8221;off&#8221; use_custom_width=&#8221;off&#8221; width_unit=&#8221;on&#8221; global_colors_info=&#8221;{}&#8221;][et_pb_fullwidth_header title=&#8221;Find out the price&#8221; subhead=&#8221;Fill out the form and we will contact you&#8221; text_orientation=&#8221;center&#8221; header_scroll_down=&#8221;on&#8221; scroll_down_icon=&#8221;%%1%%&#8221; background_overlay_color=&#8221;rgba(0,0,0,0)&#8221; content_max_width=&#8221;none&#8221; admin_label=&#8221;\u0428\u0438\u0440\u043e\u043a\u043e\u0444\u043e\u0440\u043c\u0430\u0442\u043d\u044b\u0439 \u0425\u044d\u0434\u0435\u0440&#8221; _builder_version=&#8221;4.27.5&#8243; title_font=&#8221;|||on|||||&#8221; content_font_size=&#8221;23px&#8221; subhead_font_size=&#8221;20px&#8221; subhead_line_height=&#8221;1.8em&#8221; background_color=&#8221;rgba(255, 255, 255, 0)&#8221; use_background_color_gradient=&#8221;on&#8221; background_color_gradient_stops=&#8221;rgba(0,0,0,0.7) 0%|rgba(0,0,0,0.7) 100%&#8221; background_color_gradient_overlays_image=&#8221;on&#8221; background_enable_image=&#8221;off&#8221; background_position=&#8221;top_center&#8221; button_one_text_size_tablet=&#8221;&#8221; button_one_text_size_phone=&#8221;22px&#8221; button_one_text_size_last_edited=&#8221;on|phone&#8221; button_two_text_size_tablet=&#8221;&#8221; button_two_text_size_phone=&#8221;22px&#8221; button_two_text_size_last_edited=&#8221;on|desktop&#8221; button_one_letter_spacing_hover=&#8221;0&#8243; button_two_letter_spacing_hover=&#8221;0&#8243; global_colors_info=&#8221;{}&#8221; button_one_text_size__hover_enabled=&#8221;off&#8221; button_two_text_size__hover_enabled=&#8221;off&#8221; button_one_text_color__hover_enabled=&#8221;off&#8221; button_two_text_color__hover_enabled=&#8221;off&#8221; button_one_border_width__hover_enabled=&#8221;off&#8221; button_two_border_width__hover_enabled=&#8221;off&#8221; button_one_border_color__hover_enabled=&#8221;off&#8221; button_two_border_color__hover_enabled=&#8221;off&#8221; button_one_border_radius__hover_enabled=&#8221;off&#8221; button_two_border_radius__hover_enabled=&#8221;off&#8221; button_one_letter_spacing__hover_enabled=&#8221;on&#8221; button_one_letter_spacing__hover=&#8221;0&#8243; button_two_letter_spacing__hover_enabled=&#8221;on&#8221; button_two_letter_spacing__hover=&#8221;0&#8243; button_one_bg_color__hover_enabled=&#8221;off&#8221; button_two_bg_color__hover_enabled=&#8221;off&#8221;][\/et_pb_fullwidth_header][\/et_pb_section][et_pb_section fb_built=&#8221;1&#8243; admin_label=&#8221;section&#8221; _builder_version=&#8221;4.16&#8243; global_colors_info=&#8221;{}&#8221;][et_pb_row column_structure=&#8221;1_2,1_2&#8243; padding_mobile=&#8221;off&#8221; column_padding_mobile=&#8221;on&#8221; admin_label=&#8221;\u0421\u0442\u0440\u043e\u043a\u0430&#8221; _builder_version=&#8221;4.16&#8243; background_size=&#8221;initial&#8221; background_position=&#8221;top_left&#8221; background_repeat=&#8221;repeat&#8221; make_fullwidth=&#8221;off&#8221; use_custom_width=&#8221;off&#8221; width_unit=&#8221;on&#8221; global_colors_info=&#8221;{}&#8221;][et_pb_column type=&#8221;1_2&#8243; _builder_version=&#8221;4.16&#8243; custom_padding=&#8221;|||&#8221; global_colors_info=&#8221;{}&#8221; custom_padding__hover=&#8221;|||&#8221;][et_pb_text admin_label=&#8221;\u0422\u0435\u043a\u0441\u0442&#8221; _builder_version=&#8221;4.27.5&#8243; background_size=&#8221;initial&#8221; background_position=&#8221;top_left&#8221; background_repeat=&#8221;repeat&#8221; use_border_color=&#8221;off&#8221; border_color=&#8221;#ffffff&#8221; border_style=&#8221;solid&#8221; global_colors_info=&#8221;{}&#8221;]<\/p>\n<h2>Request form<\/h2>\n<p>\n<div class=\"wpcf7 no-js\" id=\"wpcf7-f25813981-o1\" lang=\"en-US\" dir=\"ltr\" data-wpcf7-id=\"25813981\">\n<div class=\"screen-reader-response\"><p role=\"status\" aria-live=\"polite\" aria-atomic=\"true\"><\/p> <ul><\/ul><\/div>\n<form action=\"\/en\/wp-json\/wp\/v2\/pages\/25813982#wpcf7-f25813981-o1\" method=\"post\" class=\"wpcf7-form init\" aria-label=\"Contact form\" novalidate=\"novalidate\" data-status=\"init\">\n<fieldset class=\"hidden-fields-container\"><input type=\"hidden\" name=\"_wpcf7\" value=\"25813981\" \/><input type=\"hidden\" name=\"_wpcf7_version\" value=\"6.1.5\" \/><input type=\"hidden\" name=\"_wpcf7_locale\" value=\"en_US\" \/><input type=\"hidden\" name=\"_wpcf7_unit_tag\" value=\"wpcf7-f25813981-o1\" \/><input type=\"hidden\" name=\"_wpcf7_container_post\" value=\"0\" \/><input type=\"hidden\" name=\"_wpcf7_posted_data_hash\" value=\"\" \/><input type=\"hidden\" name=\"_wpcf7_recaptcha_response\" value=\"\" \/>\n<\/fieldset>\n<p><label> Your name (required)<br \/>\n<span class=\"wpcf7-form-control-wrap\" data-name=\"your-name\"><input size=\"40\" maxlength=\"400\" class=\"wpcf7-form-control wpcf7-text wpcf7-validates-as-required\" autocomplete=\"name\" aria-required=\"true\" aria-invalid=\"false\" value=\"\" type=\"text\" name=\"your-name\" \/><\/span> <\/label>\n<\/p>\n<p><label> Your email (required)<br \/>\n<span class=\"wpcf7-form-control-wrap\" data-name=\"your-email\"><input size=\"40\" maxlength=\"400\" class=\"wpcf7-form-control wpcf7-email wpcf7-validates-as-required wpcf7-text wpcf7-validates-as-email\" autocomplete=\"email\" aria-required=\"true\" aria-invalid=\"false\" value=\"\" type=\"email\" name=\"your-email\" \/><\/span> <\/label>\n<\/p>\n<p><label> Your website<br \/>\n<span class=\"wpcf7-form-control-wrap\" data-name=\"your-subject\"><input size=\"40\" maxlength=\"400\" class=\"wpcf7-form-control wpcf7-text\" aria-invalid=\"false\" value=\"\" type=\"text\" name=\"your-subject\" \/><\/span> <\/label>\n<\/p>\n<p><label>Select the service you're interested in (required)<\/label><br \/>\n<span class=\"wpcf7-form-control-wrap\" data-name=\"select-876\"><select class=\"wpcf7-form-control wpcf7-select wpcf7-validates-as-required\" aria-required=\"true\" aria-invalid=\"false\" name=\"select-876\"><option value=\"\">--Select--<\/option><option value=\"Website Creation\">Website Creation<\/option><option value=\"Online Store Creation\">Online Store Creation<\/option><option value=\"Website\/Store SEO Optimization\">Website\/Store SEO Optimization<\/option><option value=\"Advertising Video Creation\">Advertising Video Creation<\/option><option value=\"Google Ads Advertising\">Google Ads Advertising<\/option><option value=\"Facebook and Instagram Advertising\">Facebook and Instagram Advertising<\/option><option value=\"Conversion Analysis, Setup, and Enhancement\">Conversion Analysis, Setup, and Enhancement<\/option><option value=\"Other (ask your question)\">Other (ask your question)<\/option><\/select><\/span>\n<\/p>\n<p><label> Your message - please describe the situation in more detail<br \/>\n<span class=\"wpcf7-form-control-wrap\" data-name=\"your-message\"><textarea cols=\"40\" rows=\"10\" maxlength=\"2000\" class=\"wpcf7-form-control wpcf7-textarea\" aria-invalid=\"false\" name=\"your-message\"><\/textarea><\/span> <\/label>\n<\/p>\n<p><input class=\"wpcf7-form-control wpcf7-submit has-spinner\" type=\"submit\" value=\"Submit\" \/>\n<\/p><p style=\"display: none !important;\" class=\"akismet-fields-container\" data-prefix=\"_wpcf7_ak_\"><label>&#916;<textarea name=\"_wpcf7_ak_hp_textarea\" cols=\"45\" rows=\"8\" maxlength=\"100\"><\/textarea><\/label><input type=\"hidden\" id=\"ak_js_1\" name=\"_wpcf7_ak_js\" value=\"188\"\/><script>document.getElementById( \"ak_js_1\" ).setAttribute( \"value\", ( new Date() ).getTime() );<\/script><\/p><div class=\"wpcf7-response-output\" aria-hidden=\"true\"><\/div>\n<\/form>\n<\/div>\n[\/et_pb_text][\/et_pb_column][et_pb_column type=&#8221;1_2&#8243; _builder_version=&#8221;4.16&#8243; custom_padding=&#8221;|||&#8221; global_colors_info=&#8221;{}&#8221; custom_padding__hover=&#8221;|||&#8221;][et_pb_image src=&#8221;https:\/\/toplink.ee\/wp-content\/uploads\/2026\/01\/IMG_5747-1.png&#8221; title_text=&#8221;IMG_5747&#8243; align=&#8221;center&#8221; _builder_version=&#8221;4.27.5&#8243; _module_preset=&#8221;default&#8221; width=&#8221;60%&#8221; width_tablet=&#8221;70%&#8221; width_phone=&#8221;90%&#8221; width_last_edited=&#8221;on|desktop&#8221; global_colors_info=&#8221;{}&#8221;][\/et_pb_image][et_pb_text admin_label=&#8221;Andrei round&#8221; _builder_version=&#8221;4.27.5&#8243; background_size=&#8221;initial&#8221; background_position=&#8221;top_left&#8221; background_repeat=&#8221;repeat&#8221; text_orientation=&#8221;center&#8221; module_alignment=&#8221;center&#8221; hover_enabled=&#8221;0&#8243; use_border_color=&#8221;off&#8221; border_color=&#8221;#ffffff&#8221; border_style=&#8221;solid&#8221; global_colors_info=&#8221;{}&#8221; sticky_enabled=&#8221;0&#8243;]After you fill out the form, I will contact you shortly.<\/p>\n<p><strong>Andrei P\u0161enit\u0161n\u00f5i<\/strong><br \/>\nCEO of Toplink O\u00dc[\/et_pb_text][et_pb_social_media_follow admin_label=&#8221;Andrei \u0410\u043a\u043a\u0430\u0443\u043d\u0442\u044b \u0432 \u0441\u043e\u0446\u0438\u0430\u043b\u044c\u043d\u044b\u0445 \u0441\u0435\u0442\u044f\u0445&#8221; _builder_version=&#8221;4.27.5&#8243; text_orientation=&#8221;center&#8221; background_layout=&#8221;dark&#8221; border_radii=&#8221;on|100%|100%|100%|100%&#8221; link_shape=&#8221;circle&#8221; global_colors_info=&#8221;{}&#8221;][et_pb_social_media_follow_network social_network=&#8221;facebook&#8221; url=&#8221;https:\/\/www.facebook.com\/andrei.pshenichny&#8221; _builder_version=&#8221;4.16&#8243; background_color=&#8221;#3b5998&#8243; bg_color=&#8221;#3b5998&#8243; global_colors_info=&#8221;{}&#8221; follow_button=&#8221;off&#8221; url_new_window=&#8221;on&#8221;]facebook<br \/>\n[\/et_pb_social_media_follow_network][et_pb_social_media_follow_network social_network=&#8221;linkedin&#8221; url=&#8221;https:\/\/www.linkedin.com\/in\/pshenichny\/&#8221; _builder_version=&#8221;4.16&#8243; background_color=&#8221;#007bb6&#8243; bg_color=&#8221;#007bb6&#8243; global_colors_info=&#8221;{}&#8221; follow_button=&#8221;off&#8221; url_new_window=&#8221;on&#8221;]LinkedIn<br \/>\n[\/et_pb_social_media_follow_network][\/et_pb_social_media_follow][\/et_pb_column][\/et_pb_row][\/et_pb_section]<\/p>\n","protected":false},"excerpt":{"rendered":"<p>Request form \n<div class=\"wpcf7 no-js\" id=\"wpcf7-f25813981-o2\" lang=\"en-US\" dir=\"ltr\" data-wpcf7-id=\"25813981\">\n<div class=\"screen-reader-response\"><p role=\"status\" aria-live=\"polite\" aria-atomic=\"true\"><\/p> <ul><\/ul><\/div>\n<form action=\"\/en\/wp-json\/wp\/v2\/pages\/25813982#wpcf7-f25813981-o2\" method=\"post\" class=\"wpcf7-form init\" aria-label=\"Contact form\" novalidate=\"novalidate\" data-status=\"init\">\n<fieldset class=\"hidden-fields-container\"><input type=\"hidden\" name=\"_wpcf7\" value=\"25813981\" \/><input type=\"hidden\" name=\"_wpcf7_version\" value=\"6.1.5\" \/><input type=\"hidden\" name=\"_wpcf7_locale\" value=\"en_US\" \/><input type=\"hidden\" name=\"_wpcf7_unit_tag\" value=\"wpcf7-f25813981-o2\" \/><input type=\"hidden\" name=\"_wpcf7_container_post\" value=\"0\" \/><input type=\"hidden\" name=\"_wpcf7_posted_data_hash\" value=\"\" \/><input type=\"hidden\" name=\"_wpcf7_recaptcha_response\" value=\"\" \/>\n<\/fieldset>\n<p><label> Your name (required)<br \/>\n<span class=\"wpcf7-form-control-wrap\" data-name=\"your-name\"><input size=\"40\" maxlength=\"400\" class=\"wpcf7-form-control wpcf7-text wpcf7-validates-as-required\" autocomplete=\"name\" aria-required=\"true\" aria-invalid=\"false\" value=\"\" type=\"text\" name=\"your-name\" \/><\/span> <\/label>\n<\/p>\n<p><label> Your email (required)<br \/>\n<span class=\"wpcf7-form-control-wrap\" data-name=\"your-email\"><input size=\"40\" maxlength=\"400\" class=\"wpcf7-form-control wpcf7-email wpcf7-validates-as-required wpcf7-text wpcf7-validates-as-email\" autocomplete=\"email\" aria-required=\"true\" aria-invalid=\"false\" value=\"\" type=\"email\" name=\"your-email\" \/><\/span> <\/label>\n<\/p>\n<p><label> Your website<br \/>\n<span class=\"wpcf7-form-control-wrap\" data-name=\"your-subject\"><input size=\"40\" maxlength=\"400\" class=\"wpcf7-form-control wpcf7-text\" aria-invalid=\"false\" value=\"\" type=\"text\" name=\"your-subject\" \/><\/span> <\/label>\n<\/p>\n<p><label>Select the service you're interested in (required)<\/label><br \/>\n<span class=\"wpcf7-form-control-wrap\" data-name=\"select-876\"><select class=\"wpcf7-form-control wpcf7-select wpcf7-validates-as-required\" aria-required=\"true\" aria-invalid=\"false\" name=\"select-876\"><option value=\"\">--Select--<\/option><option value=\"Website Creation\">Website Creation<\/option><option value=\"Online Store Creation\">Online Store Creation<\/option><option value=\"Website\/Store SEO Optimization\">Website\/Store SEO Optimization<\/option><option value=\"Advertising Video Creation\">Advertising Video Creation<\/option><option value=\"Google Ads Advertising\">Google Ads Advertising<\/option><option value=\"Facebook and Instagram Advertising\">Facebook and Instagram Advertising<\/option><option value=\"Conversion Analysis, Setup, and Enhancement\">Conversion Analysis, Setup, and Enhancement<\/option><option value=\"Other (ask your question)\">Other (ask your question)<\/option><\/select><\/span>\n<\/p>\n<p><label> Your message - please describe the situation in more detail<br \/>\n<span class=\"wpcf7-form-control-wrap\" data-name=\"your-message\"><textarea cols=\"40\" rows=\"10\" maxlength=\"2000\" class=\"wpcf7-form-control wpcf7-textarea\" aria-invalid=\"false\" name=\"your-message\"><\/textarea><\/span> <\/label>\n<\/p>\n<p><input class=\"wpcf7-form-control wpcf7-submit has-spinner\" type=\"submit\" value=\"Submit\" \/>\n<\/p><p style=\"display: none !important;\" class=\"akismet-fields-container\" data-prefix=\"_wpcf7_ak_\"><label>&#916;<textarea name=\"_wpcf7_ak_hp_textarea\" cols=\"45\" rows=\"8\" maxlength=\"100\"><\/textarea><\/label><input type=\"hidden\" id=\"ak_js_2\" name=\"_wpcf7_ak_js\" value=\"100\"\/><script>document.getElementById( \"ak_js_2\" ).setAttribute( \"value\", ( new Date() ).getTime() );<\/script><\/p><div class=\"wpcf7-response-output\" aria-hidden=\"true\"><\/div>\n<\/form>\n<\/div>\nAfter you fill out the form, I will contact you shortly. Andrei P\u0161enit\u0161n\u00f5i CEO of Toplink O\u00dc<\/p>\n","protected":false},"author":7,"featured_media":0,"parent":0,"menu_order":0,"comment_status":"closed","ping_status":"open","template":"","meta":{"_et_pb_use_builder":"on","_et_pb_old_content":"[et_pb_section fb_built=\"1\" inner_shadow=\"on\" fullwidth=\"on\" custom_padding_last_edited=\"on|desktop\" admin_label=\"section\" _builder_version=\"4.16\" background_color=\"rgba(255,255,255,0)\" background_image=\"\/\/i0.wp.com\/toplink.ee\/wp-content\/uploads\/2015\/07\/nexus_7-wallpaper-1920x1080.jpg\" custom_padding=\"|||\" custom_padding_tablet=\"50px|0|50px|0\" custom_padding_phone=\"50px|0|50px|0\" transparent_background=\"on\" padding_mobile=\"off\" make_fullwidth=\"off\" use_custom_width=\"off\" width_unit=\"on\" global_colors_info=\"{}\"][et_pb_fullwidth_header title=\"\u0423\u0437\u043d\u0430\u0442\u044c \u0446\u0435\u043d\u0443\" subhead=\"\u0417\u0430\u043f\u043e\u043b\u043d\u0438\u0442\u0435 \u0444\u043e\u0440\u043c\u0443 \u0438 \u043c\u044b \u0441\u0432\u044f\u0436\u0435\u043c\u0441\u044f \u0441 \u0432\u0430\u043c\u0438\" text_orientation=\"center\" background_overlay_color=\"rgba(0,0,0,0.18)\" content_max_width=\"none\" admin_label=\"\u0428\u0438\u0440\u043e\u043a\u043e\u0444\u043e\u0440\u043c\u0430\u0442\u043d\u044b\u0439 \u0425\u044d\u0434\u0435\u0440\" _builder_version=\"4.27.5\" title_font_size=\"40px\" background_color=\"rgba(255, 255, 255, 0)\" hover_enabled=\"0\" button_one_letter_spacing_hover=\"0\" button_two_letter_spacing_hover=\"0\" global_colors_info=\"{}\" button_one_text_size__hover_enabled=\"off\" button_two_text_size__hover_enabled=\"off\" button_one_text_color__hover_enabled=\"off\" button_two_text_color__hover_enabled=\"off\" button_one_border_width__hover_enabled=\"off\" button_two_border_width__hover_enabled=\"off\" button_one_border_color__hover_enabled=\"off\" button_two_border_color__hover_enabled=\"off\" button_one_border_radius__hover_enabled=\"off\" button_two_border_radius__hover_enabled=\"off\" button_one_letter_spacing__hover_enabled=\"on\" button_one_letter_spacing__hover=\"0\" button_two_letter_spacing__hover_enabled=\"on\" button_two_letter_spacing__hover=\"0\" button_one_bg_color__hover_enabled=\"off\" button_two_bg_color__hover_enabled=\"off\" sticky_enabled=\"0\"][\/et_pb_fullwidth_header][\/et_pb_section][et_pb_section fb_built=\"1\" admin_label=\"section\" _builder_version=\"4.16\" global_colors_info=\"{}\"][et_pb_row column_structure=\"1_2,1_2\" padding_mobile=\"off\" column_padding_mobile=\"on\" admin_label=\"\u0421\u0442\u0440\u043e\u043a\u0430\" _builder_version=\"4.16\" background_size=\"initial\" background_position=\"top_left\" background_repeat=\"repeat\" make_fullwidth=\"off\" use_custom_width=\"off\" width_unit=\"on\" global_colors_info=\"{}\"][et_pb_column type=\"1_2\" _builder_version=\"4.16\" custom_padding=\"|||\" global_colors_info=\"{}\" custom_padding__hover=\"|||\"][et_pb_text admin_label=\"\u0422\u0435\u043a\u0441\u0442\" _builder_version=\"4.16\" background_size=\"initial\" background_position=\"top_left\" background_repeat=\"repeat\" use_border_color=\"off\" border_color=\"#ffffff\" border_style=\"solid\" global_colors_info=\"{}\"]<h2>\u0424\u043e\u0440\u043c\u0430 \u0437\u0430\u044f\u0432\u043a\u0438<\/h2>\r\n[contact-form-7 id=\"559\" title=\"\u0423\u0437\u043d\u0430\u0442\u044c \u0446\u0435\u043d\u0443\"]\r\n[\/et_pb_text][\/et_pb_column][et_pb_column type=\"1_2\" _builder_version=\"4.16\" custom_padding=\"|||\" global_colors_info=\"{}\" custom_padding__hover=\"|||\"][et_pb_image src=\"https:\/\/toplink.ee\/wp-content\/uploads\/2026\/01\/IMG_5747-1.png\" title_text=\"IMG_5747\" align=\"center\" _builder_version=\"4.27.5\" _module_preset=\"default\" width=\"60%\" width_tablet=\"70%\" width_phone=\"90%\" width_last_edited=\"on|desktop\" global_colors_info=\"{}\"][\/et_pb_image][et_pb_text admin_label=\"Andrei round\" _builder_version=\"4.27.5\" background_size=\"initial\" background_position=\"top_left\" background_repeat=\"repeat\" text_orientation=\"center\" module_alignment=\"center\" hover_enabled=\"0\" use_border_color=\"off\" border_color=\"#ffffff\" border_style=\"solid\" global_colors_info=\"{}\" sticky_enabled=\"0\"]\u041f\u043e\u0441\u043b\u0435 \u0437\u0430\u043f\u043e\u043b\u043d\u0435\u043d\u0438\u044f \u0444\u043e\u0440\u043c\u044b, \u044f \u0441\u0432\u044f\u0436\u0443\u0441\u044c \u0441 \u0432\u0430\u043c\u0438 \u0432 \u0431\u043b\u0438\u0436\u0430\u0439\u0448\u0435\u0435 \u0432\u0440\u0435\u043c\u044f.\r\n\r\n<strong>\u0410\u043d\u0434\u0440\u0435\u0439 \u041f\u0448\u0435\u043d\u0438\u0447\u043d\u044b\u0439<\/strong>\r\n\u0420\u0443\u043a\u043e\u0432\u043e\u0434\u0438\u0442\u0435\u043b\u044c Toplink O\u00dc[\/et_pb_text][et_pb_social_media_follow admin_label=\"Andrei \u0410\u043a\u043a\u0430\u0443\u043d\u0442\u044b \u0432 \u0441\u043e\u0446\u0438\u0430\u043b\u044c\u043d\u044b\u0445 \u0441\u0435\u0442\u044f\u0445\" _builder_version=\"4.27.5\" text_orientation=\"center\" background_layout=\"dark\" hover_enabled=\"0\" border_radii=\"on|100%|100%|100%|100%\" link_shape=\"circle\" global_colors_info=\"{}\" sticky_enabled=\"0\"][et_pb_social_media_follow_network social_network=\"facebook\" url=\"https:\/\/www.facebook.com\/andrei.pshenichny\" _builder_version=\"4.16\" background_color=\"#3b5998\" bg_color=\"#3b5998\" global_colors_info=\"{}\" follow_button=\"off\" url_new_window=\"on\"]facebook\r\n[\/et_pb_social_media_follow_network][et_pb_social_media_follow_network social_network=\"linkedin\" url=\"https:\/\/www.linkedin.com\/in\/pshenichny\/\" _builder_version=\"4.16\" background_color=\"#007bb6\" bg_color=\"#007bb6\" global_colors_info=\"{}\" follow_button=\"off\" url_new_window=\"on\"]LinkedIn\r\n[\/et_pb_social_media_follow_network][\/et_pb_social_media_follow][\/et_pb_column][\/et_pb_row][\/et_pb_section]","_et_gb_content_width":"","footnotes":""},"dipi_cpt_category":[],"class_list":["post-25813982","page","type-page","status-publish","hentry"],"jetpack_sharing_enabled":true,"_links":{"self":[{"href":"https:\/\/toplink.ee\/en\/wp-json\/wp\/v2\/pages\/25813982","targetHints":{"allow":["GET"]}}],"collection":[{"href":"https:\/\/toplink.ee\/en\/wp-json\/wp\/v2\/pages"}],"about":[{"href":"https:\/\/toplink.ee\/en\/wp-json\/wp\/v2\/types\/page"}],"author":[{"embeddable":true,"href":"https:\/\/toplink.ee\/en\/wp-json\/wp\/v2\/users\/7"}],"replies":[{"embeddable":true,"href":"https:\/\/toplink.ee\/en\/wp-json\/wp\/v2\/comments?post=25813982"}],"version-history":[{"count":4,"href":"https:\/\/toplink.ee\/en\/wp-json\/wp\/v2\/pages\/25813982\/revisions"}],"predecessor-version":[{"id":25813997,"href":"https:\/\/toplink.ee\/en\/wp-json\/wp\/v2\/pages\/25813982\/revisions\/25813997"}],"wp:attachment":[{"href":"https:\/\/toplink.ee\/en\/wp-json\/wp\/v2\/media?parent=25813982"}],"wp:term":[{"taxonomy":"dipi_cpt_category","embeddable":true,"href":"https:\/\/toplink.ee\/en\/wp-json\/wp\/v2\/dipi_cpt_category?post=25813982"}],"curies":[{"name":"wp","href":"https:\/\/api.w.org\/{rel}","templated":true}]}}